{"id":3458,"date":"2022-04-03T15:21:56","date_gmt":"2022-04-03T13:21:56","guid":{"rendered":"https:\/\/www.adelana.fr\/?page_id=3458"},"modified":"2023-01-02T17:57:43","modified_gmt":"2023-01-02T16:57:43","slug":"ma-nouvelle-emission-larmoire-de-jude","status":"publish","type":"page","link":"https:\/\/www.adelana.fr\/index.php\/ma-nouvelle-emission-larmoire-de-jude\/","title":{"rendered":"Mon \u00e9mission &#8211; l&rsquo;Armoire de Jude"},"content":{"rendered":"\n<div class=\"wp-block-image\"><figure class=\"aligncenter size-large is-resized\"><img src=\"https:\/\/www.adelana.fr\/wp-content\/uploads\/2022\/04\/armoire-logo@4x-1-1024x616.png\" alt=\"\" class=\"wp-image-3464\" width=\"477\" height=\"286\"\/><figcaption>L&rsquo;Armoire de Jude, 1\u00e8re \u00e9mission de relooking \u00e9coresponsable<\/figcaption><\/figure><\/div>\n\n\n\n<p class=\"has-medium-font-size\"><em>Ma toute nouvelle \u00e9mission est sortie : l<a href=\"https:\/\/www.youtube.com\/channel\/UCcTDvCCpn98uo8Lt_1K6pYw\/featured\" target=\"_blank\" rel=\"noreferrer noopener\">&lsquo;Armoire de Jude. <\/a>C&rsquo;est l&rsquo;\u00e9mission de relooking de mode \u00e9thique pr\u00e9sent\u00e9e par Adelana. Si tu es en transition \u00e9coresponsable et cherche \u00e0 transformer ta garde-robe alors n&rsquo;h\u00e9site pas \u00e0 suivre la page pour ne manquer aucun \u00e9pisodes.<\/em><\/p>\n\n\n\n<p class=\"has-medium-font-size\">Pour voir les tous derni\u00e8res \u00e9pisodes, cliquez ci-dessous<\/p>\n\n\n\n<p><\/p>\n\n\n<h2 class=\"fonts-plugin-block \" style=\"font-family: Karma\"><strong>Episode 1<\/strong><\/h2>\n\n\n<figure class=\"wp-block-embed is-type-video is-provider-youtube wp-block-embed-youtube wp-embed-aspect-16-9 wp-has-aspect-ratio\"><div class=\"wp-block-embed__wrapper\">\n<iframe  id=\"_ytid_96141\"  width=\"792\" height=\"446\"  data-origwidth=\"792\" data-origheight=\"446\" src=\"https:\/\/www.youtube.com\/embed\/goYp24HDcRA?enablejsapi=1&#038;autoplay=0&#038;cc_load_policy=0&#038;cc_lang_pref=&#038;iv_load_policy=1&#038;loop=0&#038;rel=1&#038;fs=1&#038;playsinline=0&#038;autohide=2&#038;theme=dark&#038;color=red&#038;controls=1&#038;disablekb=0&#038;\" class=\"__youtube_prefs__  epyt-is-override  no-lazyload\" title=\"YouTube player\"  allow=\"fullscreen; accelerometer; autoplay; clipboard-write; encrypted-media; gyroscope; picture-in-picture; web-share\" referrerpolicy=\"strict-origin-when-cross-origin\" allowfullscreen data-no-lazy=\"1\" data-skipgform_ajax_framebjll=\"\"><\/iframe>\n<\/div><\/figure>\n\n\n\n<p><\/p>\n\n\n<h2 class=\"fonts-plugin-block \" style=\"font-family: Karma\"><strong>Episode 2<\/strong><\/h2>\n\n\n<figure class=\"wp-block-embed is-type-video is-provider-youtube wp-block-embed-youtube wp-embed-aspect-16-9 wp-has-aspect-ratio\"><div class=\"wp-block-embed__wrapper\">\n<iframe  id=\"_ytid_42963\"  width=\"792\" height=\"446\"  data-origwidth=\"792\" data-origheight=\"446\" src=\"https:\/\/www.youtube.com\/embed\/PZnP4OI-lAY?enablejsapi=1&#038;autoplay=0&#038;cc_load_policy=0&#038;cc_lang_pref=&#038;iv_load_policy=1&#038;loop=0&#038;rel=1&#038;fs=1&#038;playsinline=0&#038;autohide=2&#038;theme=dark&#038;color=red&#038;controls=1&#038;disablekb=0&#038;\" class=\"__youtube_prefs__  epyt-is-override  no-lazyload\" title=\"YouTube player\"  allow=\"fullscreen; accelerometer; autoplay; clipboard-write; encrypted-media; gyroscope; picture-in-picture; web-share\" referrerpolicy=\"strict-origin-when-cross-origin\" allowfullscreen data-no-lazy=\"1\" data-skipgform_ajax_framebjll=\"\"><\/iframe>\n<\/div><\/figure>\n\n\n\n<p><\/p>\n\n\n<h2 class=\"fonts-plugin-block \" style=\"font-family: Karma\"><strong>Episode 3<\/strong><\/h2>\n\n\n<figure class=\"wp-block-embed is-type-video is-provider-youtube wp-block-embed-youtube wp-embed-aspect-16-9 wp-has-aspect-ratio\"><div class=\"wp-block-embed__wrapper\">\n<iframe  id=\"_ytid_42581\"  width=\"792\" height=\"446\"  data-origwidth=\"792\" data-origheight=\"446\" src=\"https:\/\/www.youtube.com\/embed\/nWNKYypn4tM?enablejsapi=1&#038;autoplay=0&#038;cc_load_policy=0&#038;cc_lang_pref=&#038;iv_load_policy=1&#038;loop=0&#038;rel=1&#038;fs=1&#038;playsinline=0&#038;autohide=2&#038;theme=dark&#038;color=red&#038;controls=1&#038;disablekb=0&#038;\" class=\"__youtube_prefs__  epyt-is-override  no-lazyload\" title=\"YouTube player\"  allow=\"fullscreen; accelerometer; autoplay; clipboard-write; encrypted-media; gyroscope; picture-in-picture; web-share\" referrerpolicy=\"strict-origin-when-cross-origin\" allowfullscreen data-no-lazy=\"1\" data-skipgform_ajax_framebjll=\"\"><\/iframe>\n<\/div><\/figure>\n","protected":false},"excerpt":{"rendered":"<p>Ma toute nouvelle \u00e9mission est sortie : l&lsquo;Armoire de Jude. C&rsquo;est l&rsquo;\u00e9mission de relooking de mode \u00e9thique pr\u00e9sent\u00e9e par Adelana. Si tu es en transition \u00e9coresponsable et cherche \u00e0 transformer &hellip; <a href=\"https:\/\/www.adelana.fr\/index.php\/ma-nouvelle-emission-larmoire-de-jude\/\" class=\"more-link\"><span>Lire la suite<span class=\"screen-reader-text\">Mon \u00e9mission &#8211; l&rsquo;Armoire de Jude<\/span><\/span><\/a><\/p>\n","protected":false},"author":1,"featured_media":3675,"parent":0,"menu_order":0,"comment_status":"closed","ping_status":"closed","template":"","meta":{"pgc_meta":""},"pgc_meta":"","yoast_head":"<!-- This site is optimized with the Yoast SEO plugin v19.13 - https:\/\/yoast.com\/wordpress\/plugins\/seo\/ -->\n<title>Mon \u00e9mission - l&#039;Armoire de Jude -<\/title>\n<meta name=\"description\" content=\"Ma toute nouvelle \u00e9mission est sortie : l&#039;Armoire de Jude. C&#039;est l&#039;\u00e9mission de relooking de mode \u00e9thique pr\u00e9sent\u00e9e par Adelana.\" \/>\n<meta name=\"robots\" content=\"index, follow, max-snippet:-1, max-image-preview:large, max-video-preview:-1\" \/>\n<link rel=\"canonical\" href=\"https:\/\/www.adelana.fr\/index.php\/ma-nouvelle-emission-larmoire-de-jude\/\" \/>\n<meta property=\"og:locale\" content=\"fr_FR\" \/>\n<meta property=\"og:type\" content=\"article\" \/>\n<meta property=\"og:title\" content=\"Mon \u00e9mission - l&#039;Armoire de Jude -\" \/>\n<meta property=\"og:description\" content=\"Ma toute nouvelle \u00e9mission est sortie : l&#039;Armoire de Jude. C&#039;est l&#039;\u00e9mission de relooking de mode \u00e9thique pr\u00e9sent\u00e9e par Adelana.\" \/>\n<meta property=\"og:url\" content=\"https:\/\/www.adelana.fr\/index.php\/ma-nouvelle-emission-larmoire-de-jude\/\" \/>\n<meta property=\"article:publisher\" content=\"https:\/\/www.facebook.com\/mlleadelana\" \/>\n<meta property=\"article:modified_time\" content=\"2023-01-02T16:57:43+00:00\" \/>\n<meta property=\"og:image\" content=\"https:\/\/www.adelana.fr\/wp-content\/uploads\/2023\/01\/DSC06666-scaled.jpg\" \/>\n\t<meta property=\"og:image:width\" content=\"2560\" \/>\n\t<meta property=\"og:image:height\" content=\"1710\" \/>\n\t<meta property=\"og:image:type\" content=\"image\/jpeg\" \/>\n<meta name=\"twitter:card\" content=\"summary_large_image\" \/>\n<meta name=\"twitter:site\" content=\"@mlleadelana\" \/>\n<meta name=\"twitter:label1\" content=\"Dur\u00e9e de lecture estim\u00e9e\" \/>\n\t<meta name=\"twitter:data1\" content=\"1 minute\" \/>\n<script type=\"application\/ld+json\" class=\"yoast-schema-graph\">{\"@context\":\"https:\/\/schema.org\",\"@graph\":[{\"@type\":\"WebPage\",\"@id\":\"https:\/\/www.adelana.fr\/index.php\/ma-nouvelle-emission-larmoire-de-jude\/\",\"url\":\"https:\/\/www.adelana.fr\/index.php\/ma-nouvelle-emission-larmoire-de-jude\/\",\"name\":\"Mon \u00e9mission - l'Armoire de Jude -\",\"isPartOf\":{\"@id\":\"https:\/\/www.adelana.fr\/#website\"},\"datePublished\":\"2022-04-03T13:21:56+00:00\",\"dateModified\":\"2023-01-02T16:57:43+00:00\",\"description\":\"Ma toute nouvelle \u00e9mission est sortie : l'Armoire de Jude. C'est l'\u00e9mission de relooking de mode \u00e9thique pr\u00e9sent\u00e9e par Adelana.\",\"breadcrumb\":{\"@id\":\"https:\/\/www.adelana.fr\/index.php\/ma-nouvelle-emission-larmoire-de-jude\/#breadcrumb\"},\"inLanguage\":\"fr-FR\",\"potentialAction\":[{\"@type\":\"ReadAction\",\"target\":[\"https:\/\/www.adelana.fr\/index.php\/ma-nouvelle-emission-larmoire-de-jude\/\"]}]},{\"@type\":\"BreadcrumbList\",\"@id\":\"https:\/\/www.adelana.fr\/index.php\/ma-nouvelle-emission-larmoire-de-jude\/#breadcrumb\",\"itemListElement\":[{\"@type\":\"ListItem\",\"position\":1,\"name\":\"Accueil\",\"item\":\"https:\/\/www.adelana.fr\/\"},{\"@type\":\"ListItem\",\"position\":2,\"name\":\"Mon \u00e9mission &#8211; l&#8217;Armoire de Jude\"}]},{\"@type\":\"WebSite\",\"@id\":\"https:\/\/www.adelana.fr\/#website\",\"url\":\"https:\/\/www.adelana.fr\/\",\"name\":\"Adelana\",\"description\":\"\",\"publisher\":{\"@id\":\"https:\/\/www.adelana.fr\/#organization\"},\"potentialAction\":[{\"@type\":\"SearchAction\",\"target\":{\"@type\":\"EntryPoint\",\"urlTemplate\":\"https:\/\/www.adelana.fr\/?s={search_term_string}\"},\"query-input\":\"required name=search_term_string\"}],\"inLanguage\":\"fr-FR\"},{\"@type\":\"Organization\",\"@id\":\"https:\/\/www.adelana.fr\/#organization\",\"name\":\"Adelana\",\"url\":\"https:\/\/www.adelana.fr\/\",\"logo\":{\"@type\":\"ImageObject\",\"inLanguage\":\"fr-FR\",\"@id\":\"https:\/\/www.adelana.fr\/#\/schema\/logo\/image\/\",\"url\":\"https:\/\/www.adelana.fr\/wp-content\/uploads\/2020\/05\/cropped-Adelana-logo-1-4.png\",\"contentUrl\":\"https:\/\/www.adelana.fr\/wp-content\/uploads\/2020\/05\/cropped-Adelana-logo-1-4.png\",\"width\":618,\"height\":387,\"caption\":\"Adelana\"},\"image\":{\"@id\":\"https:\/\/www.adelana.fr\/#\/schema\/logo\/image\/\"},\"sameAs\":[\"https:\/\/www.instagram.com\/mlleadelana\",\"https:\/\/www.pinterest.com\/mlleadelana\",\"https:\/\/www.facebook.com\/mlleadelana\",\"https:\/\/twitter.com\/mlleadelana\"]}]}<\/script>\n<!-- \/ Yoast SEO plugin. -->","yoast_head_json":{"title":"Mon \u00e9mission - l'Armoire de Jude -","description":"Ma toute nouvelle \u00e9mission est sortie : l'Armoire de Jude. C'est l'\u00e9mission de relooking de mode \u00e9thique pr\u00e9sent\u00e9e par Adelana.","robots":{"index":"index","follow":"follow","max-snippet":"max-snippet:-1","max-image-preview":"max-image-preview:large","max-video-preview":"max-video-preview:-1"},"canonical":"https:\/\/www.adelana.fr\/index.php\/ma-nouvelle-emission-larmoire-de-jude\/","og_locale":"fr_FR","og_type":"article","og_title":"Mon \u00e9mission - l'Armoire de Jude -","og_description":"Ma toute nouvelle \u00e9mission est sortie : l'Armoire de Jude. C'est l'\u00e9mission de relooking de mode \u00e9thique pr\u00e9sent\u00e9e par Adelana.","og_url":"https:\/\/www.adelana.fr\/index.php\/ma-nouvelle-emission-larmoire-de-jude\/","article_publisher":"https:\/\/www.facebook.com\/mlleadelana","article_modified_time":"2023-01-02T16:57:43+00:00","og_image":[{"width":2560,"height":1710,"url":"https:\/\/www.adelana.fr\/wp-content\/uploads\/2023\/01\/DSC06666-scaled.jpg","type":"image\/jpeg"}],"twitter_card":"summary_large_image","twitter_site":"@mlleadelana","twitter_misc":{"Dur\u00e9e de lecture estim\u00e9e":"1 minute"},"schema":{"@context":"https:\/\/schema.org","@graph":[{"@type":"WebPage","@id":"https:\/\/www.adelana.fr\/index.php\/ma-nouvelle-emission-larmoire-de-jude\/","url":"https:\/\/www.adelana.fr\/index.php\/ma-nouvelle-emission-larmoire-de-jude\/","name":"Mon \u00e9mission - l'Armoire de Jude -","isPartOf":{"@id":"https:\/\/www.adelana.fr\/#website"},"datePublished":"2022-04-03T13:21:56+00:00","dateModified":"2023-01-02T16:57:43+00:00","description":"Ma toute nouvelle \u00e9mission est sortie : l'Armoire de Jude. C'est l'\u00e9mission de relooking de mode \u00e9thique pr\u00e9sent\u00e9e par Adelana.","breadcrumb":{"@id":"https:\/\/www.adelana.fr\/index.php\/ma-nouvelle-emission-larmoire-de-jude\/#breadcrumb"},"inLanguage":"fr-FR","potentialAction":[{"@type":"ReadAction","target":["https:\/\/www.adelana.fr\/index.php\/ma-nouvelle-emission-larmoire-de-jude\/"]}]},{"@type":"BreadcrumbList","@id":"https:\/\/www.adelana.fr\/index.php\/ma-nouvelle-emission-larmoire-de-jude\/#breadcrumb","itemListElement":[{"@type":"ListItem","position":1,"name":"Accueil","item":"https:\/\/www.adelana.fr\/"},{"@type":"ListItem","position":2,"name":"Mon \u00e9mission &#8211; l&#8217;Armoire de Jude"}]},{"@type":"WebSite","@id":"https:\/\/www.adelana.fr\/#website","url":"https:\/\/www.adelana.fr\/","name":"Adelana","description":"","publisher":{"@id":"https:\/\/www.adelana.fr\/#organization"},"potentialAction":[{"@type":"SearchAction","target":{"@type":"EntryPoint","urlTemplate":"https:\/\/www.adelana.fr\/?s={search_term_string}"},"query-input":"required name=search_term_string"}],"inLanguage":"fr-FR"},{"@type":"Organization","@id":"https:\/\/www.adelana.fr\/#organization","name":"Adelana","url":"https:\/\/www.adelana.fr\/","logo":{"@type":"ImageObject","inLanguage":"fr-FR","@id":"https:\/\/www.adelana.fr\/#\/schema\/logo\/image\/","url":"https:\/\/www.adelana.fr\/wp-content\/uploads\/2020\/05\/cropped-Adelana-logo-1-4.png","contentUrl":"https:\/\/www.adelana.fr\/wp-content\/uploads\/2020\/05\/cropped-Adelana-logo-1-4.png","width":618,"height":387,"caption":"Adelana"},"image":{"@id":"https:\/\/www.adelana.fr\/#\/schema\/logo\/image\/"},"sameAs":["https:\/\/www.instagram.com\/mlleadelana","https:\/\/www.pinterest.com\/mlleadelana","https:\/\/www.facebook.com\/mlleadelana","https:\/\/twitter.com\/mlleadelana"]}]}},"blog_post_layout_featured_media_urls":{"thumbnail":["https:\/\/www.adelana.fr\/wp-content\/uploads\/2023\/01\/DSC06666-150x150.jpg",150,150,true],"full":["https:\/\/www.adelana.fr\/wp-content\/uploads\/2023\/01\/DSC06666-scaled.jpg",2560,1710,false]},"categories_names":null,"comments_number":"0","rttpg_featured_image_url":{"full":["https:\/\/www.adelana.fr\/wp-content\/uploads\/2023\/01\/DSC06666-scaled.jpg",2560,1710,false],"landscape":["https:\/\/www.adelana.fr\/wp-content\/uploads\/2023\/01\/DSC06666-scaled.jpg",2560,1710,false],"portraits":["https:\/\/www.adelana.fr\/wp-content\/uploads\/2023\/01\/DSC06666-scaled.jpg",2560,1710,false],"thumbnail":["https:\/\/www.adelana.fr\/wp-content\/uploads\/2023\/01\/DSC06666-150x150.jpg",150,150,true],"medium":["https:\/\/www.adelana.fr\/wp-content\/uploads\/2023\/01\/DSC06666-300x200.jpg",300,200,true],"large":["https:\/\/www.adelana.fr\/wp-content\/uploads\/2023\/01\/DSC06666-1024x684.jpg",792,529,true],"post-slider-thumb-size":["https:\/\/www.adelana.fr\/wp-content\/uploads\/2023\/01\/DSC06666-330x190.jpg",330,190,true],"post-category-slider-size":["https:\/\/www.adelana.fr\/wp-content\/uploads\/2023\/01\/DSC06666-330x350.jpg",330,350,true],"1536x1536":["https:\/\/www.adelana.fr\/wp-content\/uploads\/2023\/01\/DSC06666-1536x1026.jpg",1536,1026,true],"2048x2048":["https:\/\/www.adelana.fr\/wp-content\/uploads\/2023\/01\/DSC06666-2048x1368.jpg",2048,1368,true],"ultp_layout_landscape_large":["https:\/\/www.adelana.fr\/wp-content\/uploads\/2023\/01\/DSC06666-1200x800.jpg",1200,800,true],"ultp_layout_landscape":["https:\/\/www.adelana.fr\/wp-content\/uploads\/2023\/01\/DSC06666-870x570.jpg",870,570,true],"ultp_layout_portrait":["https:\/\/www.adelana.fr\/wp-content\/uploads\/2023\/01\/DSC06666-600x900.jpg",600,900,true],"ultp_layout_square":["https:\/\/www.adelana.fr\/wp-content\/uploads\/2023\/01\/DSC06666-600x600.jpg",600,600,true],"post-thumbnail":["https:\/\/www.adelana.fr\/wp-content\/uploads\/2023\/01\/DSC06666-1920x1080.jpg",1920,1080,true],"cleanportfolio-featured-large":["https:\/\/www.adelana.fr\/wp-content\/uploads\/2023\/01\/DSC06666-960x960.jpg",960,960,true],"cleanportfolio-featured":["https:\/\/www.adelana.fr\/wp-content\/uploads\/2023\/01\/DSC06666-640x640.jpg",640,640,true],"cleanportfolio-thumbnail-avatar":["https:\/\/www.adelana.fr\/wp-content\/uploads\/2023\/01\/DSC06666-90x90.jpg",90,90,true]},"rttpg_author":{"display_name":"Adelana","author_link":"https:\/\/www.adelana.fr\/index.php\/author\/admin9866\/"},"rttpg_comment":0,"rttpg_category":" <a href=\"https:\/\/www.adelana.fr\/\" rel=\"tag\">Fran\u00e7ais<\/a>","rttpg_excerpt":"Ma toute nouvelle \u00e9mission est sortie : l&lsquo;Armoire de Jude. C&rsquo;est l&rsquo;\u00e9mission de relooking de mode \u00e9thique pr\u00e9sent\u00e9e par Adelana. Si tu es en transition \u00e9coresponsable et cherche \u00e0 transformer &hellip; Lire la suiteMon \u00e9mission &#8211; l&rsquo;Armoire de Jude","_links":{"self":[{"href":"https:\/\/www.adelana.fr\/index.php\/wp-json\/wp\/v2\/pages\/3458"}],"collection":[{"href":"https:\/\/www.adelana.fr\/index.php\/wp-json\/wp\/v2\/pages"}],"about":[{"href":"https:\/\/www.adelana.fr\/index.php\/wp-json\/wp\/v2\/types\/page"}],"author":[{"embeddable":true,"href":"https:\/\/www.adelana.fr\/index.php\/wp-json\/wp\/v2\/users\/1"}],"replies":[{"embeddable":true,"href":"https:\/\/www.adelana.fr\/index.php\/wp-json\/wp\/v2\/comments?post=3458"}],"version-history":[{"count":4,"href":"https:\/\/www.adelana.fr\/index.php\/wp-json\/wp\/v2\/pages\/3458\/revisions"}],"predecessor-version":[{"id":3636,"href":"https:\/\/www.adelana.fr\/index.php\/wp-json\/wp\/v2\/pages\/3458\/revisions\/3636"}],"wp:featuredmedia":[{"embeddable":true,"href":"https:\/\/www.adelana.fr\/index.php\/wp-json\/wp\/v2\/media\/3675"}],"wp:attachment":[{"href":"https:\/\/www.adelana.fr\/index.php\/wp-json\/wp\/v2\/media?parent=3458"}],"curies":[{"name":"wp","href":"https:\/\/api.w.org\/{rel}","templated":true}]}}