{"id":3655,"date":"2023-01-02T17:54:12","date_gmt":"2023-01-02T16:54:12","guid":{"rendered":"https:\/\/www.adelana.fr\/?page_id=3655"},"modified":"2023-03-28T09:27:26","modified_gmt":"2023-03-28T07:27:26","slug":"service-video-pro","status":"publish","type":"page","link":"https:\/\/www.adelana.fr\/index.php\/service-video-pro\/","title":{"rendered":"Service Vid\u00e9o Pro"},"content":{"rendered":"\n<figure class=\"wp-block-image size-large\"><img width=\"1024\" height=\"684\" src=\"https:\/\/www.adelana.fr\/wp-content\/uploads\/2023\/01\/DSC06138-1024x684.jpg\" alt=\"\" class=\"wp-image-3671\"\/><\/figure>\n\n\n\n<p>Les vid\u00e9os courtes sont la nouvelle tendance. Elles peuvent vite devenir virales en \u00e9tant post\u00e9e de mani\u00e8re r\u00e9guli\u00e8re. Je propose de r\u00e9aliser vos vid\u00e9os courtes adaptables sur Instagram, TikTok, Youtube Shorts.<\/p>\n\n\n\n<p style=\"font-size:19px\">Vid\u00e9os propos\u00e9es : <br>&#8211; Pr\u00e9sentations de produits<br>&#8211; Interviews <br>&#8211; Pr\u00e9sentation de boutique<br>&#8211; Vid\u00e9os divertissantes<\/p>\n\n\n\t\t<div class='wp-block-vgb-video-gallery  align' id='vgbVideoGallery-fc0aafb5-0' data-attributes='{&quot;cId&quot;:&quot;fc0aafb5-0&quot;,&quot;videos&quot;:[{&quot;video&quot;:&quot;https:\\\/\\\/www.adelana.fr\\\/wp-content\\\/uploads\\\/2023\\\/01\\\/routine-avec-aime.mov&quot;,&quot;poster&quot;:&quot;&quot;,&quot;albs&quot;:[]},{&quot;video&quot;:&quot;https:\\\/\\\/www.adelana.fr\\\/wp-content\\\/uploads\\\/2023\\\/01\\\/bleu-tango.mov&quot;,&quot;albs&quot;:[]},{&quot;video&quot;:&quot;https:\\\/\\\/www.adelana.fr\\\/wp-content\\\/uploads\\\/2023\\\/01\\\/arsayo.mov&quot;,&quot;albs&quot;:[]},{&quot;video&quot;:&quot;https:\\\/\\\/www.adelana.fr\\\/wp-content\\\/uploads\\\/2022\\\/03\\\/fond-de-teint-bio-peau-noire.mov&quot;,&quot;albs&quot;:[]},{&quot;video&quot;:&quot;https:\\\/\\\/www.adelana.fr\\\/wp-content\\\/uploads\\\/2023\\\/01\\\/Hey-veggies-v1.mov&quot;,&quot;albs&quot;:[]},{&quot;video&quot;:&quot;https:\\\/\\\/www.adelana.fr\\\/wp-content\\\/uploads\\\/2023\\\/01\\\/NOEL-ABSOLUTION-O.mov&quot;,&quot;albs&quot;:[]}],&quot;columns&quot;:{&quot;desktop&quot;:2,&quot;tablet&quot;:2,&quot;mobile&quot;:1},&quot;background&quot;:{&quot;color&quot;:&quot;#fff&quot;,&quot;type&quot;:&quot;solid&quot;,&quot;gradient&quot;:&quot;linear-gradient(135deg, #4527a4, #8344c5)&quot;,&quot;image&quot;:[],&quot;position&quot;:&quot;center center&quot;,&quot;attachment&quot;:&quot;initial&quot;,&quot;repeat&quot;:&quot;no-repeat&quot;,&quot;size&quot;:&quot;cover&quot;,&quot;overlayColor&quot;:&quot;#000000b3&quot;,&quot;styles&quot;:&quot;background: #fff;&quot;},&quot;padding&quot;:{&quot;vertical&quot;:&quot;10px&quot;,&quot;horizontal&quot;:&quot;10px&quot;,&quot;side&quot;:2,&quot;top&quot;:&quot;0px&quot;,&quot;right&quot;:&quot;0px&quot;,&quot;bottom&quot;:&quot;0px&quot;,&quot;left&quot;:&quot;0px&quot;,&quot;styles&quot;:&quot;10px 10px&quot;},&quot;border&quot;:{&quot;radius&quot;:&quot;5px&quot;,&quot;width&quot;:&quot;0px&quot;,&quot;style&quot;:&quot;solid&quot;,&quot;color&quot;:&quot;#0000&quot;,&quot;side&quot;:&quot;all&quot;,&quot;styles&quot;:&quot;border-radius: 5px;&quot;},&quot;filterBtnTypo&quot;:{&quot;fontSize&quot;:14,&quot;styles&quot;:&quot;font-size: 14px; line-height: 135%;&quot;,&quot;googleFontLink&quot;:&quot;&quot;},&quot;filterBtnColors&quot;:{&quot;color&quot;:&quot;#fff&quot;,&quot;bg&quot;:&quot;#4527a4&quot;,&quot;bgType&quot;:&quot;solid&quot;,&quot;gradient&quot;:&quot;linear-gradient(135deg, #4527a4, #8344c5)&quot;,&quot;styles&quot;:&quot;color: #fff; background: #4527a4;&quot;},&quot;filterBtnHoverColors&quot;:{&quot;color&quot;:&quot;#fff&quot;,&quot;bg&quot;:&quot;#8344c5&quot;,&quot;bgType&quot;:&quot;solid&quot;,&quot;gradient&quot;:&quot;linear-gradient(135deg, #4527a4, #8344c5)&quot;,&quot;styles&quot;:&quot;color: #fff; background: #8344c5;&quot;},&quot;itemHeight&quot;:&quot;600px&quot;,&quot;align&quot;:&quot;&quot;,&quot;albums&quot;:[],&quot;columnGap&quot;:10,&quot;rowGap&quot;:10}'><\/div>\n\n\t\t\n\n\n<div class=\"wp-block-image\"><figure class=\"aligncenter size-large is-resized\"><img src=\"https:\/\/www.adelana.fr\/wp-content\/uploads\/2023\/03\/tarifs-724x1024.png\" alt=\"\" class=\"wp-image-3692\" width=\"471\" height=\"667\"\/><\/figure><\/div>\n\n\n\n<div class=\"wp-block-image\"><figure class=\"aligncenter size-large is-resized\"><img src=\"https:\/\/www.adelana.fr\/wp-content\/uploads\/2023\/03\/packages-mensuels-adelana-724x1024.png\" alt=\"\" class=\"wp-image-3693\" width=\"-211\" height=\"-298\"\/><\/figure><\/div>\n\n\n\n<p style=\"font-size:19px\"><\/p>\n\n\n\n<p><\/p>\n","protected":false},"excerpt":{"rendered":"<p>Les vid\u00e9os courtes sont la nouvelle tendance. Elles peuvent vite devenir virales en \u00e9tant post\u00e9e de mani\u00e8re r\u00e9guli\u00e8re. Je propose de r\u00e9aliser vos vid\u00e9os courtes adaptables sur Instagram, TikTok, Youtube &hellip; <a href=\"https:\/\/www.adelana.fr\/index.php\/service-video-pro\/\" class=\"more-link\"><span>Lire la suite<span class=\"screen-reader-text\">Service Vid\u00e9o Pro<\/span><\/span><\/a><\/p>\n","protected":false},"author":1,"featured_media":3671,"parent":0,"menu_order":0,"comment_status":"closed","ping_status":"closed","template":"","meta":{"pgc_meta":""},"pgc_meta":"","yoast_head":"<!-- This site is optimized with the Yoast SEO plugin v19.13 - https:\/\/yoast.com\/wordpress\/plugins\/seo\/ -->\n<title>Service Vid\u00e9o Pro -<\/title>\n<meta name=\"description\" content=\"Les vid\u00e9os courtes sont tendances. Je propose de r\u00e9aliser vos vid\u00e9os professionnelles adaptables sur Instagram et Tiktok.\" \/>\n<meta name=\"robots\" content=\"index, follow, max-snippet:-1, max-image-preview:large, max-video-preview:-1\" \/>\n<link rel=\"canonical\" href=\"https:\/\/www.adelana.fr\/index.php\/service-video-pro\/\" \/>\n<meta property=\"og:locale\" content=\"fr_FR\" \/>\n<meta property=\"og:type\" content=\"article\" \/>\n<meta property=\"og:title\" content=\"Service Vid\u00e9o Pro -\" \/>\n<meta property=\"og:description\" content=\"Les vid\u00e9os courtes sont tendances. Je propose de r\u00e9aliser vos vid\u00e9os professionnelles adaptables sur Instagram et Tiktok.\" \/>\n<meta property=\"og:url\" content=\"https:\/\/www.adelana.fr\/index.php\/service-video-pro\/\" \/>\n<meta property=\"article:publisher\" content=\"https:\/\/www.facebook.com\/mlleadelana\" \/>\n<meta property=\"article:modified_time\" content=\"2023-03-28T07:27:26+00:00\" \/>\n<meta property=\"og:image\" content=\"https:\/\/www.adelana.fr\/wp-content\/uploads\/2023\/01\/DSC06138-scaled.jpg\" \/>\n\t<meta property=\"og:image:width\" content=\"2560\" \/>\n\t<meta property=\"og:image:height\" content=\"1710\" \/>\n\t<meta property=\"og:image:type\" content=\"image\/jpeg\" \/>\n<meta name=\"twitter:card\" content=\"summary_large_image\" \/>\n<meta name=\"twitter:site\" content=\"@mlleadelana\" \/>\n<meta name=\"twitter:label1\" content=\"Dur\u00e9e de lecture estim\u00e9e\" \/>\n\t<meta name=\"twitter:data1\" content=\"1 minute\" \/>\n<script type=\"application\/ld+json\" class=\"yoast-schema-graph\">{\"@context\":\"https:\/\/schema.org\",\"@graph\":[{\"@type\":\"WebPage\",\"@id\":\"https:\/\/www.adelana.fr\/index.php\/service-video-pro\/\",\"url\":\"https:\/\/www.adelana.fr\/index.php\/service-video-pro\/\",\"name\":\"Service Vid\u00e9o Pro -\",\"isPartOf\":{\"@id\":\"https:\/\/www.adelana.fr\/#website\"},\"datePublished\":\"2023-01-02T16:54:12+00:00\",\"dateModified\":\"2023-03-28T07:27:26+00:00\",\"description\":\"Les vid\u00e9os courtes sont tendances. Je propose de r\u00e9aliser vos vid\u00e9os professionnelles adaptables sur Instagram et Tiktok.\",\"breadcrumb\":{\"@id\":\"https:\/\/www.adelana.fr\/index.php\/service-video-pro\/#breadcrumb\"},\"inLanguage\":\"fr-FR\",\"potentialAction\":[{\"@type\":\"ReadAction\",\"target\":[\"https:\/\/www.adelana.fr\/index.php\/service-video-pro\/\"]}]},{\"@type\":\"BreadcrumbList\",\"@id\":\"https:\/\/www.adelana.fr\/index.php\/service-video-pro\/#breadcrumb\",\"itemListElement\":[{\"@type\":\"ListItem\",\"position\":1,\"name\":\"Accueil\",\"item\":\"https:\/\/www.adelana.fr\/\"},{\"@type\":\"ListItem\",\"position\":2,\"name\":\"Service Vid\u00e9o Pro\"}]},{\"@type\":\"WebSite\",\"@id\":\"https:\/\/www.adelana.fr\/#website\",\"url\":\"https:\/\/www.adelana.fr\/\",\"name\":\"Adelana\",\"description\":\"\",\"publisher\":{\"@id\":\"https:\/\/www.adelana.fr\/#organization\"},\"potentialAction\":[{\"@type\":\"SearchAction\",\"target\":{\"@type\":\"EntryPoint\",\"urlTemplate\":\"https:\/\/www.adelana.fr\/?s={search_term_string}\"},\"query-input\":\"required name=search_term_string\"}],\"inLanguage\":\"fr-FR\"},{\"@type\":\"Organization\",\"@id\":\"https:\/\/www.adelana.fr\/#organization\",\"name\":\"Adelana\",\"url\":\"https:\/\/www.adelana.fr\/\",\"logo\":{\"@type\":\"ImageObject\",\"inLanguage\":\"fr-FR\",\"@id\":\"https:\/\/www.adelana.fr\/#\/schema\/logo\/image\/\",\"url\":\"https:\/\/www.adelana.fr\/wp-content\/uploads\/2020\/05\/cropped-Adelana-logo-1-4.png\",\"contentUrl\":\"https:\/\/www.adelana.fr\/wp-content\/uploads\/2020\/05\/cropped-Adelana-logo-1-4.png\",\"width\":618,\"height\":387,\"caption\":\"Adelana\"},\"image\":{\"@id\":\"https:\/\/www.adelana.fr\/#\/schema\/logo\/image\/\"},\"sameAs\":[\"https:\/\/www.instagram.com\/mlleadelana\",\"https:\/\/www.pinterest.com\/mlleadelana\",\"https:\/\/www.facebook.com\/mlleadelana\",\"https:\/\/twitter.com\/mlleadelana\"]}]}<\/script>\n<!-- \/ Yoast SEO plugin. -->","yoast_head_json":{"title":"Service Vid\u00e9o Pro -","description":"Les vid\u00e9os courtes sont tendances. Je propose de r\u00e9aliser vos vid\u00e9os professionnelles adaptables sur Instagram et Tiktok.","robots":{"index":"index","follow":"follow","max-snippet":"max-snippet:-1","max-image-preview":"max-image-preview:large","max-video-preview":"max-video-preview:-1"},"canonical":"https:\/\/www.adelana.fr\/index.php\/service-video-pro\/","og_locale":"fr_FR","og_type":"article","og_title":"Service Vid\u00e9o Pro -","og_description":"Les vid\u00e9os courtes sont tendances. Je propose de r\u00e9aliser vos vid\u00e9os professionnelles adaptables sur Instagram et Tiktok.","og_url":"https:\/\/www.adelana.fr\/index.php\/service-video-pro\/","article_publisher":"https:\/\/www.facebook.com\/mlleadelana","article_modified_time":"2023-03-28T07:27:26+00:00","og_image":[{"width":2560,"height":1710,"url":"https:\/\/www.adelana.fr\/wp-content\/uploads\/2023\/01\/DSC06138-scaled.jpg","type":"image\/jpeg"}],"twitter_card":"summary_large_image","twitter_site":"@mlleadelana","twitter_misc":{"Dur\u00e9e de lecture estim\u00e9e":"1 minute"},"schema":{"@context":"https:\/\/schema.org","@graph":[{"@type":"WebPage","@id":"https:\/\/www.adelana.fr\/index.php\/service-video-pro\/","url":"https:\/\/www.adelana.fr\/index.php\/service-video-pro\/","name":"Service Vid\u00e9o Pro -","isPartOf":{"@id":"https:\/\/www.adelana.fr\/#website"},"datePublished":"2023-01-02T16:54:12+00:00","dateModified":"2023-03-28T07:27:26+00:00","description":"Les vid\u00e9os courtes sont tendances. Je propose de r\u00e9aliser vos vid\u00e9os professionnelles adaptables sur Instagram et Tiktok.","breadcrumb":{"@id":"https:\/\/www.adelana.fr\/index.php\/service-video-pro\/#breadcrumb"},"inLanguage":"fr-FR","potentialAction":[{"@type":"ReadAction","target":["https:\/\/www.adelana.fr\/index.php\/service-video-pro\/"]}]},{"@type":"BreadcrumbList","@id":"https:\/\/www.adelana.fr\/index.php\/service-video-pro\/#breadcrumb","itemListElement":[{"@type":"ListItem","position":1,"name":"Accueil","item":"https:\/\/www.adelana.fr\/"},{"@type":"ListItem","position":2,"name":"Service Vid\u00e9o Pro"}]},{"@type":"WebSite","@id":"https:\/\/www.adelana.fr\/#website","url":"https:\/\/www.adelana.fr\/","name":"Adelana","description":"","publisher":{"@id":"https:\/\/www.adelana.fr\/#organization"},"potentialAction":[{"@type":"SearchAction","target":{"@type":"EntryPoint","urlTemplate":"https:\/\/www.adelana.fr\/?s={search_term_string}"},"query-input":"required name=search_term_string"}],"inLanguage":"fr-FR"},{"@type":"Organization","@id":"https:\/\/www.adelana.fr\/#organization","name":"Adelana","url":"https:\/\/www.adelana.fr\/","logo":{"@type":"ImageObject","inLanguage":"fr-FR","@id":"https:\/\/www.adelana.fr\/#\/schema\/logo\/image\/","url":"https:\/\/www.adelana.fr\/wp-content\/uploads\/2020\/05\/cropped-Adelana-logo-1-4.png","contentUrl":"https:\/\/www.adelana.fr\/wp-content\/uploads\/2020\/05\/cropped-Adelana-logo-1-4.png","width":618,"height":387,"caption":"Adelana"},"image":{"@id":"https:\/\/www.adelana.fr\/#\/schema\/logo\/image\/"},"sameAs":["https:\/\/www.instagram.com\/mlleadelana","https:\/\/www.pinterest.com\/mlleadelana","https:\/\/www.facebook.com\/mlleadelana","https:\/\/twitter.com\/mlleadelana"]}]}},"blog_post_layout_featured_media_urls":{"thumbnail":["https:\/\/www.adelana.fr\/wp-content\/uploads\/2023\/01\/DSC06138-150x150.jpg",150,150,true],"full":["https:\/\/www.adelana.fr\/wp-content\/uploads\/2023\/01\/DSC06138-scaled.jpg",2560,1710,false]},"categories_names":null,"comments_number":"0","rttpg_featured_image_url":{"full":["https:\/\/www.adelana.fr\/wp-content\/uploads\/2023\/01\/DSC06138-scaled.jpg",2560,1710,false],"landscape":["https:\/\/www.adelana.fr\/wp-content\/uploads\/2023\/01\/DSC06138-scaled.jpg",2560,1710,false],"portraits":["https:\/\/www.adelana.fr\/wp-content\/uploads\/2023\/01\/DSC06138-scaled.jpg",2560,1710,false],"thumbnail":["https:\/\/www.adelana.fr\/wp-content\/uploads\/2023\/01\/DSC06138-150x150.jpg",150,150,true],"medium":["https:\/\/www.adelana.fr\/wp-content\/uploads\/2023\/01\/DSC06138-300x200.jpg",300,200,true],"large":["https:\/\/www.adelana.fr\/wp-content\/uploads\/2023\/01\/DSC06138-1024x684.jpg",792,529,true],"post-slider-thumb-size":["https:\/\/www.adelana.fr\/wp-content\/uploads\/2023\/01\/DSC06138-330x190.jpg",330,190,true],"post-category-slider-size":["https:\/\/www.adelana.fr\/wp-content\/uploads\/2023\/01\/DSC06138-330x350.jpg",330,350,true],"1536x1536":["https:\/\/www.adelana.fr\/wp-content\/uploads\/2023\/01\/DSC06138-1536x1026.jpg",1536,1026,true],"2048x2048":["https:\/\/www.adelana.fr\/wp-content\/uploads\/2023\/01\/DSC06138-2048x1368.jpg",2048,1368,true],"ultp_layout_landscape_large":["https:\/\/www.adelana.fr\/wp-content\/uploads\/2023\/01\/DSC06138-1200x800.jpg",1200,800,true],"ultp_layout_landscape":["https:\/\/www.adelana.fr\/wp-content\/uploads\/2023\/01\/DSC06138-870x570.jpg",870,570,true],"ultp_layout_portrait":["https:\/\/www.adelana.fr\/wp-content\/uploads\/2023\/01\/DSC06138-600x900.jpg",600,900,true],"ultp_layout_square":["https:\/\/www.adelana.fr\/wp-content\/uploads\/2023\/01\/DSC06138-600x600.jpg",600,600,true],"post-thumbnail":["https:\/\/www.adelana.fr\/wp-content\/uploads\/2023\/01\/DSC06138-1920x1080.jpg",1920,1080,true],"cleanportfolio-featured-large":["https:\/\/www.adelana.fr\/wp-content\/uploads\/2023\/01\/DSC06138-960x960.jpg",960,960,true],"cleanportfolio-featured":["https:\/\/www.adelana.fr\/wp-content\/uploads\/2023\/01\/DSC06138-640x640.jpg",640,640,true],"cleanportfolio-thumbnail-avatar":["https:\/\/www.adelana.fr\/wp-content\/uploads\/2023\/01\/DSC06138-90x90.jpg",90,90,true]},"rttpg_author":{"display_name":"Adelana","author_link":"https:\/\/www.adelana.fr\/index.php\/author\/admin9866\/"},"rttpg_comment":0,"rttpg_category":" <a href=\"https:\/\/www.adelana.fr\/\" rel=\"tag\">Fran\u00e7ais<\/a>","rttpg_excerpt":"Les vid\u00e9os courtes sont la nouvelle tendance. Elles peuvent vite devenir virales en \u00e9tant post\u00e9e de mani\u00e8re r\u00e9guli\u00e8re. Je propose de r\u00e9aliser vos vid\u00e9os courtes adaptables sur Instagram, TikTok, Youtube &hellip; Lire la suiteService Vid\u00e9o Pro","_links":{"self":[{"href":"https:\/\/www.adelana.fr\/index.php\/wp-json\/wp\/v2\/pages\/3655"}],"collection":[{"href":"https:\/\/www.adelana.fr\/index.php\/wp-json\/wp\/v2\/pages"}],"about":[{"href":"https:\/\/www.adelana.fr\/index.php\/wp-json\/wp\/v2\/types\/page"}],"author":[{"embeddable":true,"href":"https:\/\/www.adelana.fr\/index.php\/wp-json\/wp\/v2\/users\/1"}],"replies":[{"embeddable":true,"href":"https:\/\/www.adelana.fr\/index.php\/wp-json\/wp\/v2\/comments?post=3655"}],"version-history":[{"count":9,"href":"https:\/\/www.adelana.fr\/index.php\/wp-json\/wp\/v2\/pages\/3655\/revisions"}],"predecessor-version":[{"id":3694,"href":"https:\/\/www.adelana.fr\/index.php\/wp-json\/wp\/v2\/pages\/3655\/revisions\/3694"}],"wp:featuredmedia":[{"embeddable":true,"href":"https:\/\/www.adelana.fr\/index.php\/wp-json\/wp\/v2\/media\/3671"}],"wp:attachment":[{"href":"https:\/\/www.adelana.fr\/index.php\/wp-json\/wp\/v2\/media?parent=3655"}],"curies":[{"name":"wp","href":"https:\/\/api.w.org\/{rel}","templated":true}]}}